{"id":2513,"date":"2017-04-04T18:16:37","date_gmt":"2017-04-04T16:16:37","guid":{"rendered":"https:\/\/www.griffesvivienne.com\/etiquettes-thermocollantes\/"},"modified":"2018-03-05T10:34:41","modified_gmt":"2018-03-05T09:34:41","slug":"heat-seal-labels","status":"publish","type":"page","link":"https:\/\/www.griffesvivienne.com\/en\/heat-seal-labels\/","title":{"rendered":"Heat Seal labels"},"content":{"rendered":"<p><div class=\"fusion-fullwidth fullwidth-box fusion-builder-row-1 nonhundred-percent-fullwidth non-hundred-percent-height-scrolling\" style=\"--awb-border-radius-top-left:0px;--awb-border-radius-top-right:0px;--awb-border-radius-bottom-right:0px;--awb-border-radius-bottom-left:0px;--awb-border-sizes-top:0px;--awb-border-sizes-bottom:0px;--awb-flex-wrap:wrap;\" ><div class=\"fusion-builder-row fusion-row\"><div class=\"fusion-layout-column fusion_builder_column fusion-builder-column-0 fusion_builder_column_1_1 1_1 fusion-one-full fusion-column-first fusion-column-last\" style=\"--awb-bg-size:cover;--awb-margin-top:10px;\"><div class=\"fusion-column-wrapper fusion-flex-column-wrapper-legacy\"><div class=\"fusion-title title fusion-title-1 fusion-sep-none fusion-title-text fusion-title-size-one\"><h1 class=\"fusion-title-heading title-heading-left\" style=\"margin:0;\">Heat Seal labels<\/h1><\/div><div class=\"fusion-builder-row fusion-builder-row-inner fusion-row\"><div class=\"fusion-layout-column fusion_builder_column_inner fusion-builder-nested-column-0 fusion_builder_column_inner_1_2 1_2 fusion-one-half fusion-column-first\" style=\"--awb-bg-size:cover;width:50%;width:calc(50% - ( ( 4% ) * 0.5 ) );margin-right: 4%;\"><div class=\"fusion-column-wrapper fusion-flex-column-wrapper-legacy\"><div class=\"fusion-text fusion-text-1\"><p>You don\u2019t know how to sew but you still want to brand your clothes and linen ? You are a young designer and you need to brand your creations ? Do you own a business and you want your company clothes to be customized with your logo ? Our professional heat seal labels can do all that, in record time and in a simple way compared to woven labels and printed labels.<\/p>\n<div style=\"margin-top: 20px;\">\n<h2>A label for professionals and individuals<\/h2>\n<p>Our Heat Seal labels can be used in a professional or domestic situation, but they will always be easy to apply.<\/p>\n<\/div>\n<h3>Heat Seal labels to represent you brand <\/h3>\n<p>As a designer you know the importance of a visible brand and\/or logo on the garments and accessories you want to commercialize. A heat seal label is easy to apply and needs no sewing. It is the best solution for small budgets and quick applications.<\/p>\n<\/div><div class=\"fusion-clearfix\"><\/div><\/div><\/div><div class=\"fusion-layout-column fusion_builder_column_inner fusion-builder-nested-column-1 fusion_builder_column_inner_1_2 1_2 fusion-one-half fusion-column-last fusion-animated\" style=\"--awb-bg-image:url(&#039;https:\/\/www.griffesvivienne.com\/griffes-assets\/uploads\/2017\/05\/noms-tisses.jpg&#039;);--awb-bg-size:cover;width:50%;width:calc(50% - ( ( 4% ) * 0.5 ) );\" data-animationType=\"bounceInLeft\" data-animationDuration=\"0.3\" data-animationOffset=\"top-into-view\"><div class=\"fusion-column-wrapper fusion-flex-column-wrapper-legacy fusion-empty-column-bg-image fusion-column-has-bg-image\" data-bg-url=\"https:\/\/www.griffesvivienne.com\/griffes-assets\/uploads\/2017\/05\/noms-tisses.jpg\"><img decoding=\"async\" class=\"fusion-empty-dims-img-placeholder fusion-no-large-visibility\" src=\"data:image\/gif;base64,R0lGODlhAQABAAAAACH5BAEKAAEALAAAAAABAAEAAAICTAEAOw==\"><div class=\"fusion-clearfix\"><\/div><\/div><\/div><\/div><div class=\"fusion-text fusion-text-2\"><h3>Heat seal labels to customize your work outfits <\/h3>\n<p>When your employees wear work outfits with the company logo, they will be easier to identify by your clients. It also creates unity and team spirit. Of course, it takes time to sew a label or logo on every outfit. With our professional heat seal labels, customizing your work outfits will become an easy and quick job.<\/p>\n<h3>Heat seal labels to label clothing <\/h3>\n<p>When you have several children, labelling their clothing before they go back to school or on a school trip, can be a big job. Our heat seal labels are easy to apply. Essential on any kind of garment that you don\u2019t want to lose. These clothing labels will save you time. Our heat labels can also be used on linen, for instance when one of your loved ones must spend time in a hospital.<\/p>\n<div style=\"margin-top: 20px; font-family: Yanone Kaffeesatz;\">\n<h2>A label that is easy to apply<\/h2>\n<\/div>\n<p>No need to sew ! Our heat seal labels are simple and easy to apply with a great result.<\/p>\n<h3>How do heat seal labels work ? <\/h3>\n<p>Here are 4 the steps to perfectly apply your heat seal label to your garment in under a minute : <\/p>\n<ul>\n<li>Heat up you your iron without using the vapour option (you don\u2019t need vapour to apply a heat seal label).  <\/li>\n<li>Place the label where you want it to be applied. <\/li>\n<li>Cover the label with waxed paper.<\/li>\n<li>Place the iron on the waxed paper for 20 seconds.<\/li>\n<\/ul>\n<p>As easy as 1-2-3 !<\/p>\n<h3>Heat seal labels of Griffes Vivienne are of the highest quality  <\/h3>\n<p>Quality is of the highest priority at Griffes Vivienne. If you choose sewing labels or heat seal labels, we will guarantee high quality products that will last and that will brand your garment the way you want it. With Griffes Viviennne you can choose from a wide range of colours.<\/p>\n<\/div><div class=\"fusion-clearfix\"><\/div><\/div><\/div><\/div><\/div><div class=\"fusion-fullwidth fullwidth-box fusion-builder-row-2 fusion-parallax-none hundred-percent-fullwidth non-hundred-percent-height-scrolling fusion-equal-height-columns\" style=\"--awb-background-repeat:repeat-x;--awb-border-radius-top-left:0px;--awb-border-radius-top-right:0px;--awb-border-radius-bottom-right:0px;--awb-border-radius-bottom-left:0px;--awb-margin-top:0px;--awb-margin-bottom:-20px;--awb-background-image:url(&quot;https:\/\/www.griffesvivienne.com\/griffes-assets\/uploads\/2017\/04\/bg_header\u00e9.png&quot;);--awb-flex-wrap:wrap;\" ><div class=\"fusion-builder-row fusion-row\"><\/div><\/div><\/p>\n<div id=\"bottom-demande\"><a class=\"fusion-button button-flat fusion-button-round button-small button-custom button-1\" rel=\"noopener noreferrer\" href=\"https:\/\/www.griffesvivienne.com\/en\/formulaire-en\/\" target=\"_blank\" id=\"demande\">\r\n\t    <img decoding=\"async\" src=\"\/griffes-assets\/themes\/Vivienne\/packages\/images\/5454553.png\" \/>\r\n\t    <span class=\"fusion-button-text\">Click for a quote<\/span><\/a><\/div>","protected":false},"excerpt":{"rendered":"<p>Click for a quote<\/p>\n","protected":false},"author":4,"featured_media":0,"parent":0,"menu_order":0,"comment_status":"closed","ping_status":"closed","template":"100-width.php","meta":{"content-type":"","footnotes":""},"class_list":["post-2513","page","type-page","status-publish","hentry"],"yoast_head":"<!-- This site is optimized with the Yoast SEO plugin v26.9 - https:\/\/yoast.com\/product\/yoast-seo-wordpress\/ -->\n<title>Etiquettes thermocollantes : une pose tr\u00e8s simple et rapide<\/title>\n<meta name=\"description\" content=\"Besoin de mettre une \u00e9tiquette sur vos v\u00eatements et\/ou accessoires ? Vous ne savez pas coudre ? D\u00e9couvrez nos \u00e9tiquettes thermocollantes tr\u00e8s simples \u00e0 poser !\" \/>\n<meta name=\"robots\" content=\"index, follow, max-snippet:-1, max-image-preview:large, max-video-preview:-1\" \/>\n<link rel=\"canonical\" href=\"https:\/\/www.griffesvivienne.com\/en\/heat-seal-labels\/\" \/>\n<meta property=\"og:locale\" content=\"en_US\" \/>\n<meta property=\"og:type\" content=\"article\" \/>\n<meta property=\"og:title\" content=\"Etiquettes thermocollantes : une pose tr\u00e8s simple et rapide\" \/>\n<meta property=\"og:description\" content=\"Besoin de mettre une \u00e9tiquette sur vos v\u00eatements et\/ou accessoires ? Vous ne savez pas coudre ? D\u00e9couvrez nos \u00e9tiquettes thermocollantes tr\u00e8s simples \u00e0 poser !\" \/>\n<meta property=\"og:url\" content=\"https:\/\/www.griffesvivienne.com\/en\/heat-seal-labels\/\" \/>\n<meta property=\"og:site_name\" content=\"Griffes Vivienne\" \/>\n<meta property=\"article:modified_time\" content=\"2018-03-05T09:34:41+00:00\" \/>\n<meta name=\"twitter:card\" content=\"summary_large_image\" \/>\n<meta name=\"twitter:label1\" content=\"Est. reading time\" \/>\n\t<meta name=\"twitter:data1\" content=\"4 minutes\" \/>\n<script type=\"application\/ld+json\" class=\"yoast-schema-graph\">{\"@context\":\"https:\/\/schema.org\",\"@graph\":[{\"@type\":\"WebPage\",\"@id\":\"https:\/\/www.griffesvivienne.com\/en\/heat-seal-labels\/\",\"url\":\"https:\/\/www.griffesvivienne.com\/en\/heat-seal-labels\/\",\"name\":\"Etiquettes thermocollantes : une pose tr\u00e8s simple et rapide\",\"isPartOf\":{\"@id\":\"https:\/\/www.griffesvivienne.com\/#website\"},\"datePublished\":\"2017-04-04T16:16:37+00:00\",\"dateModified\":\"2018-03-05T09:34:41+00:00\",\"description\":\"Besoin de mettre une \u00e9tiquette sur vos v\u00eatements et\/ou accessoires ? Vous ne savez pas coudre ? D\u00e9couvrez nos \u00e9tiquettes thermocollantes tr\u00e8s simples \u00e0 poser !\",\"breadcrumb\":{\"@id\":\"https:\/\/www.griffesvivienne.com\/en\/heat-seal-labels\/#breadcrumb\"},\"inLanguage\":\"en-US\",\"potentialAction\":[{\"@type\":\"ReadAction\",\"target\":[\"https:\/\/www.griffesvivienne.com\/en\/heat-seal-labels\/\"]}]},{\"@type\":\"BreadcrumbList\",\"@id\":\"https:\/\/www.griffesvivienne.com\/en\/heat-seal-labels\/#breadcrumb\",\"itemListElement\":[{\"@type\":\"ListItem\",\"position\":1,\"name\":\"Accueil\",\"item\":\"https:\/\/www.griffesvivienne.com\/en\/\"},{\"@type\":\"ListItem\",\"position\":2,\"name\":\"Heat Seal labels\"}]},{\"@type\":\"WebSite\",\"@id\":\"https:\/\/www.griffesvivienne.com\/#website\",\"url\":\"https:\/\/www.griffesvivienne.com\/\",\"name\":\"Griffes Vivienne\",\"description\":\"Fabrication d&#039;\u00e9tiquette v\u00eatement\",\"potentialAction\":[{\"@type\":\"SearchAction\",\"target\":{\"@type\":\"EntryPoint\",\"urlTemplate\":\"https:\/\/www.griffesvivienne.com\/?s={search_term_string}\"},\"query-input\":{\"@type\":\"PropertyValueSpecification\",\"valueRequired\":true,\"valueName\":\"search_term_string\"}}],\"inLanguage\":\"en-US\"}]}<\/script>\n<!-- \/ Yoast SEO plugin. -->","yoast_head_json":{"title":"Etiquettes thermocollantes : une pose tr\u00e8s simple et rapide","description":"Besoin de mettre une \u00e9tiquette sur vos v\u00eatements et\/ou accessoires ? Vous ne savez pas coudre ? D\u00e9couvrez nos \u00e9tiquettes thermocollantes tr\u00e8s simples \u00e0 poser !","robots":{"index":"index","follow":"follow","max-snippet":"max-snippet:-1","max-image-preview":"max-image-preview:large","max-video-preview":"max-video-preview:-1"},"canonical":"https:\/\/www.griffesvivienne.com\/en\/heat-seal-labels\/","og_locale":"en_US","og_type":"article","og_title":"Etiquettes thermocollantes : une pose tr\u00e8s simple et rapide","og_description":"Besoin de mettre une \u00e9tiquette sur vos v\u00eatements et\/ou accessoires ? Vous ne savez pas coudre ? D\u00e9couvrez nos \u00e9tiquettes thermocollantes tr\u00e8s simples \u00e0 poser !","og_url":"https:\/\/www.griffesvivienne.com\/en\/heat-seal-labels\/","og_site_name":"Griffes Vivienne","article_modified_time":"2018-03-05T09:34:41+00:00","twitter_card":"summary_large_image","twitter_misc":{"Est. reading time":"4 minutes"},"schema":{"@context":"https:\/\/schema.org","@graph":[{"@type":"WebPage","@id":"https:\/\/www.griffesvivienne.com\/en\/heat-seal-labels\/","url":"https:\/\/www.griffesvivienne.com\/en\/heat-seal-labels\/","name":"Etiquettes thermocollantes : une pose tr\u00e8s simple et rapide","isPartOf":{"@id":"https:\/\/www.griffesvivienne.com\/#website"},"datePublished":"2017-04-04T16:16:37+00:00","dateModified":"2018-03-05T09:34:41+00:00","description":"Besoin de mettre une \u00e9tiquette sur vos v\u00eatements et\/ou accessoires ? Vous ne savez pas coudre ? D\u00e9couvrez nos \u00e9tiquettes thermocollantes tr\u00e8s simples \u00e0 poser !","breadcrumb":{"@id":"https:\/\/www.griffesvivienne.com\/en\/heat-seal-labels\/#breadcrumb"},"inLanguage":"en-US","potentialAction":[{"@type":"ReadAction","target":["https:\/\/www.griffesvivienne.com\/en\/heat-seal-labels\/"]}]},{"@type":"BreadcrumbList","@id":"https:\/\/www.griffesvivienne.com\/en\/heat-seal-labels\/#breadcrumb","itemListElement":[{"@type":"ListItem","position":1,"name":"Accueil","item":"https:\/\/www.griffesvivienne.com\/en\/"},{"@type":"ListItem","position":2,"name":"Heat Seal labels"}]},{"@type":"WebSite","@id":"https:\/\/www.griffesvivienne.com\/#website","url":"https:\/\/www.griffesvivienne.com\/","name":"Griffes Vivienne","description":"Fabrication d&#039;\u00e9tiquette v\u00eatement","potentialAction":[{"@type":"SearchAction","target":{"@type":"EntryPoint","urlTemplate":"https:\/\/www.griffesvivienne.com\/?s={search_term_string}"},"query-input":{"@type":"PropertyValueSpecification","valueRequired":true,"valueName":"search_term_string"}}],"inLanguage":"en-US"}]}},"_yoast_wpseo_title":"Etiquettes thermocollantes : une pose tr\u00e8s simple et rapide","_yoast_wpseo_metadesc":"Besoin de mettre une \u00e9tiquette sur vos v\u00eatements et\/ou accessoires ? Vous ne savez pas coudre ? D\u00e9couvrez nos \u00e9tiquettes thermocollantes tr\u00e8s simples \u00e0 poser !","_yoast_wpseo_focuskw":"","_yoast_wpseo_canonical":"","_yoast_wpseo_meta-robots-noindex":"","_links":{"self":[{"href":"https:\/\/www.griffesvivienne.com\/en\/wp-json\/wp\/v2\/pages\/2513","targetHints":{"allow":["GET"]}}],"collection":[{"href":"https:\/\/www.griffesvivienne.com\/en\/wp-json\/wp\/v2\/pages"}],"about":[{"href":"https:\/\/www.griffesvivienne.com\/en\/wp-json\/wp\/v2\/types\/page"}],"author":[{"embeddable":true,"href":"https:\/\/www.griffesvivienne.com\/en\/wp-json\/wp\/v2\/users\/4"}],"replies":[{"embeddable":true,"href":"https:\/\/www.griffesvivienne.com\/en\/wp-json\/wp\/v2\/comments?post=2513"}],"version-history":[{"count":2,"href":"https:\/\/www.griffesvivienne.com\/en\/wp-json\/wp\/v2\/pages\/2513\/revisions"}],"predecessor-version":[{"id":2515,"href":"https:\/\/www.griffesvivienne.com\/en\/wp-json\/wp\/v2\/pages\/2513\/revisions\/2515"}],"wp:attachment":[{"href":"https:\/\/www.griffesvivienne.com\/en\/wp-json\/wp\/v2\/media?parent=2513"}],"curies":[{"name":"wp","href":"https:\/\/api.w.org\/{rel}","templated":true}]}}